{"id":5277,"date":"2022-04-06T14:55:10","date_gmt":"2022-04-06T12:55:10","guid":{"rendered":"https:\/\/zephyretboree.com\/legal-notice\/"},"modified":"2023-03-13T09:25:55","modified_gmt":"2023-03-13T08:25:55","slug":"legal-notice","status":"publish","type":"page","link":"https:\/\/zephyretboree.com\/en\/legal-notice\/","title":{"rendered":"Legal notice"},"content":{"rendered":"\t\t<div data-elementor-type=\"wp-page\" data-elementor-id=\"5277\" class=\"elementor elementor-5277 elementor-3513\" data-elementor-post-type=\"page\">\n\t\t\t\t\t\t<section class=\"elementor-section elementor-top-section elementor-element elementor-element-2bf0357 elementor-section-full_width elementor-section-height-min-height elementor-section-height-default elementor-section-items-middle elementor-invisible\" data-id=\"2bf0357\" data-element_type=\"section\" data-e-type=\"section\" data-settings=\"{&quot;background_background&quot;:&quot;classic&quot;,&quot;animation&quot;:&quot;fadeIn&quot;}\">\n\t\t\t\t\t\t\t<div class=\"elementor-background-overlay\"><\/div>\n\t\t\t\t\t\t\t<div class=\"elementor-container elementor-column-gap-default\">\n\t\t\t\t\t<div class=\"elementor-column elementor-col-100 elementor-top-column elementor-element elementor-element-4437482\" data-id=\"4437482\" data-element_type=\"column\" data-e-type=\"column\">\n\t\t\t<div class=\"elementor-widget-wrap elementor-element-populated\">\n\t\t\t\t\t\t<div class=\"elementor-element elementor-element-a77f1f9 elementor-widget elementor-widget-heading\" data-id=\"a77f1f9\" data-element_type=\"widget\" data-e-type=\"widget\" data-widget_type=\"heading.default\">\n\t\t\t\t<div class=\"elementor-widget-container\">\n\t\t\t\t\t<h2 class=\"elementor-heading-title elementor-size-default\">Legal notice\n        <\/h2>\t\t\t\t<\/div>\n\t\t\t\t<\/div>\n\t\t\t\t\t<\/div>\n\t\t<\/div>\n\t\t\t\t\t<\/div>\n\t\t<\/section>\n\t\t\t\t<section class=\"elementor-section elementor-top-section elementor-element elementor-element-fd2e48a elementor-section-boxed elementor-section-height-default elementor-section-height-default\" data-id=\"fd2e48a\" data-element_type=\"section\" data-e-type=\"section\">\n\t\t\t\t\t\t<div class=\"elementor-container elementor-column-gap-default\">\n\t\t\t\t\t<div class=\"elementor-column elementor-col-100 elementor-top-column elementor-element elementor-element-01e67fd\" data-id=\"01e67fd\" data-element_type=\"column\" data-e-type=\"column\">\n\t\t\t<div class=\"elementor-widget-wrap elementor-element-populated\">\n\t\t\t\t\t\t<div class=\"elementor-element elementor-element-3f65f38 elementor-widget elementor-widget-text-editor\" data-id=\"3f65f38\" data-element_type=\"widget\" data-e-type=\"widget\" data-widget_type=\"text-editor.default\">\n\t\t\t\t<div class=\"elementor-widget-container\">\n\t\t\t\t\t\t\t\t\t<p><b>Z\u00e9phyr &amp; Bor\u00e9e<\/b>, concerned about personal rights especially in terms of automated data processing and through a desire for transparency with its customers, has implemented a policy covering all such processing, the intended purposes of such activities as well as the avenues made available to individuals to exercise their rights as effectively as possible.<\/p><p>For all further information on personal data protection, please consult the French Data Protection Authority website at \u00a0<a href=\"https:\/\/www.cnil.fr\/\" target=\"_blank\" rel=\"noopener\">https:\/\/www.cnil.fr\/<\/a><\/p><p>By continuing to browse this site you unreservedly accept the following terms and conditions of use of the site.<\/p><p>The version of these terms and conditions of use currently online is the only enforceable version throughout the period of use of the site and until a new version replaces it.<\/p><p>\u00a0<\/p><p><b>Article 1 &#8211; Legal notices<br \/><\/b><\/p><p><b>\u00a0<\/b><\/p><p>1.1 Site (hereinafter \u201cthe site\u201d):<\/p><p>\u00a0<\/p><p>Z\u00e9phyr &amp; Bor\u00e9e<\/p><p>\u00a0<\/p><p>1.2 Publisher (hereinafter \u201cthe publisher\u201d):<\/p><p>\u00a0<\/p><p>Ilago EURL with capital of \u20ac13,000<br \/><br \/>whose head office is located at: 22 bis rue Lord Kitchener 22100 Dinan France<br \/><br \/>represented by Philippe Fourrier in his capacity as Director<br \/><br \/>listed on the Trade and Companies Register under number 751506189<br \/><br \/>Telephone: +33 767 55 67 41<br \/><br \/>email: dinan@ilago.eu<\/p><p>\u00a0<\/p><p>1.3 Site hosting provider (hereinafter \u201cthe host\u201d):<\/p><p>\u00a0<\/p><p>The Z\u00e9phyr &amp; Bor\u00e9e website is hosted by:<\/p><p>OVH RCS Roubaix-Tourcoing B 424 761 419,<\/p><p>whose head office located at 140 Quai du Sartel 59100 Roubaix, France.<\/p><p>\u00a0<\/p><p><b>Article 2 &#8211; Site access<br \/><\/b><\/p><p><b>\u00a0<\/b><\/p><p>Access to the site and its use is strictly reserved for personal use.<br \/>You agree not to use this site and any information or data it contains for commercial, political, or advertising purposes, and for any kind of commercial marketing in particular the transmission of unsolicited emails.<\/p><p>\u00a0<\/p><p><b>Article 3 &#8211; Site content<br \/><\/b><\/p><p><b>\u00a0<\/b><\/p><p>All brands, photos, text, comments, illustrations, images (whether animated or not), video sequences, sounds and all IT applications that may be used to operate the site, and in general all elements reproduced or used on the site are protected by applicable intellectual property laws.<br \/><br \/>All elements remain the full and entire property of the publisher or its partners.<br \/>The copying, depiction, use or adaptation in any form whatsoever of all or part of these elements, including the IT applications, are strictly forbidden without the prior written agreement of the publisher.<br \/>Should the publisher decide not to initiate proceedings upon becoming aware of any unauthorised use, this shall not be deemed as its acceptance of said use and a waiver of potential proceedings.<\/p><p>\u00a0<\/p><p><b>Article 4 &#8211; Site management<br \/><\/b><\/p><p><b>\u00a0<\/b><\/p><p>To ensure suitable management of the site, the publisher may at any time:<br \/><br \/>&#8211; suspend, interrupt or limit access to all or part of the site, restrict access to the site or to certain parts of the site to a specific category of internet users;<br \/><br \/>&#8211; delete any information potentially disrupting the operation of the site or that breaches national or international laws;<br \/><br \/>&#8211; suspend the site in order to perform updates.<\/p><p>\u00a0<\/p><p><b>Article 5 &#8211; Liability<br \/><\/b><\/p><p><b>\u00a0<\/b><\/p><p>The publisher shall not be held liable in the event of failure, malfunction, difficulty or interruption of operation preventing access to the site or to any of its features.<br \/><br \/>Site visitors are fully liable for the computer hardware used to connect to the site.<br \/>You must take all suitable measures to protect your hardware and your own data, in particular against online viruses infections.<br \/>In addition, you remain solely liable for the sites and data you view.<\/p><p>The publisher shall not be liable in case of legal proceedings taken against you:<br \/><br \/>&#8211; due to using the site or any service accessible online;<br \/><br \/>&#8211; due to your non-compliance with these general terms and conditions.<\/p><p>The publisher shall not be liable for any damage caused to your person, to third parties and\/or your hardware due to your access and use of the site; consequently you waive all actions against the publisher to this effect.<br \/><br \/>Should the publisher be exposed to amicable or legal proceedings due to your use of the site, it may initiate action against you to obtain compensation for all damages, fines, judgements and costs potentially resulting from these proceedings.<\/p><p>\u00a0<\/p><p><b>Article 6 &#8211; Hyperlinks<br \/><\/b><\/p><p><b>\u00a0<\/b><\/p><p>The publisher authorises the creation of hyperlinks by users linking to all or part of the site.<br \/>All such links must be removed at the request of the publisher.<br \/><br \/>None of the information accessible via links to other sites is published by the publisher.<br \/>The publisher holds no rights over the content to which any such link directs.<\/p><p>\u00a0<\/p><p><b>Article 7 &#8211; Data collection and protection<br \/><\/b><\/p><p><b>\u00a0<\/b><\/p><p>Your data is collected by Z\u00e9phyr &amp; Bor\u00e9e.<\/p><p>Personal data means any information relating to an identified or identifiable natural person (\u2018data subject\u2019); an identifiable natural person is one who can be identified, directly or indirectly, in particular by reference to an identifier such as a name, an identification number, location data, an online identifier or to one or more factors specific to the physical, physiological, genetic, mental, economic, cultural or social identity of that natural person.<br \/><br \/>The personal data collected on the site is primarily used by the publisher to manage relations with its users and where necessary to process orders.<\/p><p>The following personal data is collected:<br \/><br \/>&#8211; first and last name<br \/><br \/>&#8211; email address<br \/><br \/>&#8211; telephone number<\/p><p>\u00a0<\/p><p><b>Article 8 &#8211; Right to access, rectify and delete your data<br \/><\/b><\/p><p><b>\u00a0<\/b><\/p><p>Pursuant to the general data protection regulation, site users benefit from the following rights:<\/p><ul><li>Right to access: users may exercise their right to access to obtain details of their personal data we use by sending an email to the address provided above.<br \/>In this case, prior to implementation of this right, the site may request proof of the user\u2019s identity to check the validity of the request;<\/li><li>Right to rectify: if the personal data we hold is inaccurate, users may request that their personal data be updated;<\/li><li>Right to delete: users may request that their personal data be deleted in accordance with applicable data protection regulations;<\/li><li>Right to limit processing: users may request the site to limit the processing of their personal data in accordance with the provisions of the GDPR;<\/li><li>Right to object to data processing: users may object to the processing of their data in accordance with the provisions of the GDPR;<\/li><li>Right to data portability: users may request that the site deliver the personal data provided in order to transfer this data to another site.<\/li><\/ul><p>This right may be exercised by writing to us at 49 Boulevard de la Libert\u00e9, 44100 Nantes France<\/p><p>Or by email using the <a href=\"https:\/\/zephyretboree.com\/en\/contact\/\">contact form<\/a><\/p><p>All requests must be accompanied by a copy of valid, signed proof of identity containing the postal address where the publisher may contact the applicant.<br \/>A response will be sent within the month following receipt of the request.<br \/>This period may be extended by two months if the complexity of the request and\/or the number of requests warrants it.<\/p><p>Furthermore, and since the introduction in France of law no. 2016-1321 of 7 October 2016, users wishing to do so may decide on the fate of their personal data after their death.<br \/>For further information on the subject, please consult the website of the French Data Protection Authority CNIL at https:\/\/www.cnil.fr\/.<\/p><p>Users may also submit complaints to CNIL on the CNIL website <a href=\"https:\/\/www.cnil.fr\" target=\"_blank\" rel=\"noopener\">https:\/\/www.cnil.fr<\/a>.<\/p><p>We recommend that you contact us initially before submitting a complaint to CNIL as we are at your entire disposal to resolve your issue.<\/p><p>\u00a0<\/p><p><strong>Article 9 &#8211; Use of data<br \/><\/strong><\/p><p><strong>\u00a0<\/strong><\/p><p>The personal data collected from users is used to deliver and improve the site services, and to maintain a secure environment.<br \/>The legal basis for processing is the execution of a contract between the user and the site.<br \/>More specifically, the uses include:<\/p><ul><li>User access and use of the site;<\/li><li>Management of the operation and optimisation of the Platform;<\/li><li>Implementation of user support;<\/li><li>Verification, identification and authentication of user data submitted;<\/li><li>Customisation of services by displaying advertising according to the user\u2019s browsing history, based on their preferences;<\/li><li>Prevention and detection of fraud, malware (malicious software) and management of security incidents;<\/li><li>Management of any disputes with users;<\/li><li>Transmission of commercial and advertising information according to user preferences;<\/li><\/ul><div>\u00a0<\/div><div>\u00a0<strong style=\"color: var(--global--color-primary);\">Article 10 &#8211; Data retention policy<br \/><\/strong><\/div><p><strong>\u00a0<\/strong><\/p><p>The site will retain your data for the time required to deliver services or support.<br \/><br \/>Insofar as it is reasonably necessary or required to meet legal or regulatory requirements, resolve disputes, prevent fraud and abuse, or apply our terms and conditions, we may also retain some of your data where necessary, even after you have closed your account and we have no further need in order to deliver our services to you.<\/p><p>\u00a0<\/p><p><strong>Article 11 &#8211; Transmission of personal data to third parties<br \/><\/strong><\/p><p><strong>\u00a0<\/strong><\/p><p>Your personal data may be shared with third parties exclusively located in the European Union in the following cases:<\/p><ul><li>if the publisher posts information accessible to the public in the unrestricted comment zones on the Platform;<\/li><li>if the site uses service providers to deliver user support, advertising and payment services.<\/li><li>if the site uses service providers to deliver user support, publicity and payment services.<br \/>These service providers have unlimited access to user data when executing these services along with the contractual obligation to use this data in accordance with the requirements of applicable personal data protection regulations;<\/li><li>if the law requires, the site may transmit data in the course of complaints against the site and to comply with administrative and legal proceedings.<\/li><\/ul><div><span style=\"font-family: -apple-system, system-ui, Segoe UI, Roboto, Oxygen-Sans, Ubuntu, Cantarell, Helvetica Neue, sans-serif;\">\u00a0<\/span><\/div><p><strong>Article 12 &#8211; Commercial offers<br \/><\/strong><\/p><p><strong>\u00a0<\/strong><\/p><p>You may receive commercial messages from the publisher.<br \/>If you do not wish to do so, please inform us of your preference using the <a href=\"https:\/\/zephyretboree.com\/en\/contact\/\">contact form<\/a>.<br \/><br \/>Your data may be used by partners of the publisher for commercial prospecting purposes. If you do not consent to this, please inform us using the <a href=\"https:\/\/zephyretboree.com\/en\/contact\/\">contact form<\/a>.<br \/><br \/>If you access any other person\u2019s personal data while using the site, you must refrain from its collection, any unauthorised use and any other action potentially constituting a breach of privacy or personal reputation.<br \/>The publisher declines all liability on this matter.<br \/><br \/>Data is retained and used for a period compliant with applicable regulations.<\/p><p>\u00a0<\/p><p><strong>Article 13 &#8211; Cookies<br \/><\/strong><\/p><p><strong>\u00a0<\/strong><\/p><p>What is a cookie?<br \/><br \/>A &#8220;cookie&#8221; or tracer is an electronic file placed on a device (computer, tablet, phone, etc.) and read when you visit a website, read an email, install or use software or a mobile app, regardless of the type of device used (source in French: https:\/\/www.cnil.fr\/fr\/cookies-traceurs-que-dit-la-loi).<br \/><br \/>The site may automatically collect standard information.<br \/>All information collected indirectly will only be used to monitor the volume, type and configuration of site traffic, to develop the design and layout of the site, for other administrative and planning purposes and more generally to improve the services we offer.<\/p><p>Where necessary, cookies may be placed on your device with your consent by the site publisher and\/or third parties.<br \/>In this case, on your first visit to the site, an explanatory banner on the use of cookies will be shown.<br \/>Before continuing to browse the site, the user must accept or refuse the use of said cookies.<br \/>If given, consent will be valid for a period of thirteen (13) months.<br \/>The user may disable cookies at any time.<\/p><p>The following cookies are used by the site:<br \/><br \/>Google cookies:<br \/><br \/>Google analytics: used to measure site audience;<\/p><p>These cookies are valid for thirteen months.<\/p><p>\u00a0<\/p><p><strong>Article 14 &#8211; Photos and depiction of products<br \/><\/strong><\/p><p><strong>\u00a0<\/strong><\/p><p>Photographs of products supporting their description are not contractually binding on the publisher.<\/p><p><strong>\u00a0<\/strong><\/p><p><strong>Article 15 &#8211; Applicable law<br \/><\/strong><\/p><p><strong>\u00a0<\/strong><\/p><p>These terms and conditions of use of the website are governed by French law and are subject to the jurisdiction of the applicable courts where the publisher\u2019s head office is located, subject to the attribution of specific jurisdiction resulting from a specific legal or regulatory requirement.<\/p><p><strong>\u00a0<\/strong><\/p><p><strong>Article 16 &#8211; Contact us<br \/><\/strong><\/p><p><strong>\u00a0<\/strong><\/p><p>For any questions, request for information about the products presented on the site or concerning the site itself, please leave us a message using the <a href=\"https:\/\/zephyretboree.com\/en\/contact\/\">contact form<\/a>.<\/p>\t\t\t\t\t\t\t\t<\/div>\n\t\t\t\t<\/div>\n\t\t\t\t\t<\/div>\n\t\t<\/div>\n\t\t\t\t\t<\/div>\n\t\t<\/section>\n\t\t\t\t<\/div>\n\t\t","protected":false},"excerpt":{"rendered":"<p>Legal notice Z\u00e9phyr &amp; Bor\u00e9e, concerned about personal rights especially in terms of automated data processing and through a desire for transparency with its customers, has implemented a policy covering all such processing, the intended purposes of such activities as well as the avenues made available to individuals to exercise their rights as effectively as&hellip; <a class=\"more-link\" href=\"https:\/\/zephyretboree.com\/en\/legal-notice\/\">Continue reading <span class=\"screen-reader-text\">Legal notice<\/span><\/a><\/p>\n","protected":false},"author":1,"featured_media":0,"parent":0,"menu_order":0,"comment_status":"closed","ping_status":"closed","template":"","meta":{"inline_featured_image":false,"footnotes":""},"class_list":["post-5277","page","type-page","status-publish","hentry","entry"],"yoast_head":"<!-- This site is optimized with the Yoast SEO plugin v27.3 - https:\/\/yoast.com\/product\/yoast-seo-wordpress\/ -->\n<title>Legal notice - Z\u00e9phyr &amp; Bor\u00e9e<\/title>\n<meta name=\"robots\" content=\"index, follow, max-snippet:-1, max-image-preview:large, max-video-preview:-1\" \/>\n<link rel=\"canonical\" href=\"https:\/\/zephyretboree.com\/en\/legal-notice\/\" \/>\n<meta property=\"og:locale\" content=\"en_US\" \/>\n<meta property=\"og:type\" content=\"article\" \/>\n<meta property=\"og:title\" content=\"Legal notice - Z\u00e9phyr &amp; Bor\u00e9e\" \/>\n<meta property=\"og:description\" content=\"Legal notice Z\u00e9phyr &amp; Bor\u00e9e, concerned about personal rights especially in terms of automated data processing and through a desire for transparency with its customers, has implemented a policy covering all such processing, the intended purposes of such activities as well as the avenues made available to individuals to exercise their rights as effectively as&hellip; Continue reading Legal notice\" \/>\n<meta property=\"og:url\" content=\"https:\/\/zephyretboree.com\/en\/legal-notice\/\" \/>\n<meta property=\"og:site_name\" content=\"Z\u00e9phyr &amp; Bor\u00e9e\" \/>\n<meta property=\"article:modified_time\" content=\"2023-03-13T08:25:55+00:00\" \/>\n<meta name=\"twitter:card\" content=\"summary_large_image\" \/>\n<meta name=\"twitter:label1\" content=\"Est. reading time\" \/>\n\t<meta name=\"twitter:data1\" content=\"9 minutes\" \/>\n<script type=\"application\/ld+json\" class=\"yoast-schema-graph\">{\"@context\":\"https:\\\/\\\/schema.org\",\"@graph\":[{\"@type\":\"WebPage\",\"@id\":\"https:\\\/\\\/zephyretboree.com\\\/en\\\/legal-notice\\\/\",\"url\":\"https:\\\/\\\/zephyretboree.com\\\/en\\\/legal-notice\\\/\",\"name\":\"Legal notice - Z\u00e9phyr &amp; Bor\u00e9e\",\"isPartOf\":{\"@id\":\"https:\\\/\\\/zephyretboree.com\\\/en\\\/#website\"},\"datePublished\":\"2022-04-06T12:55:10+00:00\",\"dateModified\":\"2023-03-13T08:25:55+00:00\",\"breadcrumb\":{\"@id\":\"https:\\\/\\\/zephyretboree.com\\\/en\\\/legal-notice\\\/#breadcrumb\"},\"inLanguage\":\"en-US\",\"potentialAction\":[{\"@type\":\"ReadAction\",\"target\":[\"https:\\\/\\\/zephyretboree.com\\\/en\\\/legal-notice\\\/\"]}]},{\"@type\":\"BreadcrumbList\",\"@id\":\"https:\\\/\\\/zephyretboree.com\\\/en\\\/legal-notice\\\/#breadcrumb\",\"itemListElement\":[{\"@type\":\"ListItem\",\"position\":1,\"name\":\"Accueil\",\"item\":\"https:\\\/\\\/zephyretboree.com\\\/en\\\/\"},{\"@type\":\"ListItem\",\"position\":2,\"name\":\"Legal notice\"}]},{\"@type\":\"WebSite\",\"@id\":\"https:\\\/\\\/zephyretboree.com\\\/en\\\/#website\",\"url\":\"https:\\\/\\\/zephyretboree.com\\\/en\\\/\",\"name\":\"Z\u00e9phyr &amp; Bor\u00e9e\",\"description\":\"\",\"publisher\":{\"@id\":\"https:\\\/\\\/zephyretboree.com\\\/en\\\/#organization\"},\"potentialAction\":[{\"@type\":\"SearchAction\",\"target\":{\"@type\":\"EntryPoint\",\"urlTemplate\":\"https:\\\/\\\/zephyretboree.com\\\/en\\\/?s={search_term_string}\"},\"query-input\":{\"@type\":\"PropertyValueSpecification\",\"valueRequired\":true,\"valueName\":\"search_term_string\"}}],\"inLanguage\":\"en-US\"},{\"@type\":\"Organization\",\"@id\":\"https:\\\/\\\/zephyretboree.com\\\/en\\\/#organization\",\"name\":\"Z\u00e9phyr et Bor\u00e9e\",\"url\":\"https:\\\/\\\/zephyretboree.com\\\/en\\\/\",\"logo\":{\"@type\":\"ImageObject\",\"inLanguage\":\"en-US\",\"@id\":\"https:\\\/\\\/zephyretboree.com\\\/en\\\/#\\\/schema\\\/logo\\\/image\\\/\",\"url\":\"https:\\\/\\\/zephyretboree.com\\\/wp-content\\\/uploads\\\/2022\\\/03\\\/Groupe-66.png\",\"contentUrl\":\"https:\\\/\\\/zephyretboree.com\\\/wp-content\\\/uploads\\\/2022\\\/03\\\/Groupe-66.png\",\"width\":253,\"height\":81,\"caption\":\"Z\u00e9phyr et Bor\u00e9e\"},\"image\":{\"@id\":\"https:\\\/\\\/zephyretboree.com\\\/en\\\/#\\\/schema\\\/logo\\\/image\\\/\"},\"sameAs\":[\"https:\\\/\\\/fr.linkedin.com\\\/company\\\/zephyr-bore\"]}]}<\/script>\n<!-- \/ Yoast SEO plugin. -->","yoast_head_json":{"title":"Legal notice - Z\u00e9phyr &amp; Bor\u00e9e","robots":{"index":"index","follow":"follow","max-snippet":"max-snippet:-1","max-image-preview":"max-image-preview:large","max-video-preview":"max-video-preview:-1"},"canonical":"https:\/\/zephyretboree.com\/en\/legal-notice\/","og_locale":"en_US","og_type":"article","og_title":"Legal notice - Z\u00e9phyr &amp; Bor\u00e9e","og_description":"Legal notice Z\u00e9phyr &amp; Bor\u00e9e, concerned about personal rights especially in terms of automated data processing and through a desire for transparency with its customers, has implemented a policy covering all such processing, the intended purposes of such activities as well as the avenues made available to individuals to exercise their rights as effectively as&hellip; Continue reading Legal notice","og_url":"https:\/\/zephyretboree.com\/en\/legal-notice\/","og_site_name":"Z\u00e9phyr &amp; Bor\u00e9e","article_modified_time":"2023-03-13T08:25:55+00:00","twitter_card":"summary_large_image","twitter_misc":{"Est. reading time":"9 minutes"},"schema":{"@context":"https:\/\/schema.org","@graph":[{"@type":"WebPage","@id":"https:\/\/zephyretboree.com\/en\/legal-notice\/","url":"https:\/\/zephyretboree.com\/en\/legal-notice\/","name":"Legal notice - Z\u00e9phyr &amp; Bor\u00e9e","isPartOf":{"@id":"https:\/\/zephyretboree.com\/en\/#website"},"datePublished":"2022-04-06T12:55:10+00:00","dateModified":"2023-03-13T08:25:55+00:00","breadcrumb":{"@id":"https:\/\/zephyretboree.com\/en\/legal-notice\/#breadcrumb"},"inLanguage":"en-US","potentialAction":[{"@type":"ReadAction","target":["https:\/\/zephyretboree.com\/en\/legal-notice\/"]}]},{"@type":"BreadcrumbList","@id":"https:\/\/zephyretboree.com\/en\/legal-notice\/#breadcrumb","itemListElement":[{"@type":"ListItem","position":1,"name":"Accueil","item":"https:\/\/zephyretboree.com\/en\/"},{"@type":"ListItem","position":2,"name":"Legal notice"}]},{"@type":"WebSite","@id":"https:\/\/zephyretboree.com\/en\/#website","url":"https:\/\/zephyretboree.com\/en\/","name":"Z\u00e9phyr &amp; Bor\u00e9e","description":"","publisher":{"@id":"https:\/\/zephyretboree.com\/en\/#organization"},"potentialAction":[{"@type":"SearchAction","target":{"@type":"EntryPoint","urlTemplate":"https:\/\/zephyretboree.com\/en\/?s={search_term_string}"},"query-input":{"@type":"PropertyValueSpecification","valueRequired":true,"valueName":"search_term_string"}}],"inLanguage":"en-US"},{"@type":"Organization","@id":"https:\/\/zephyretboree.com\/en\/#organization","name":"Z\u00e9phyr et Bor\u00e9e","url":"https:\/\/zephyretboree.com\/en\/","logo":{"@type":"ImageObject","inLanguage":"en-US","@id":"https:\/\/zephyretboree.com\/en\/#\/schema\/logo\/image\/","url":"https:\/\/zephyretboree.com\/wp-content\/uploads\/2022\/03\/Groupe-66.png","contentUrl":"https:\/\/zephyretboree.com\/wp-content\/uploads\/2022\/03\/Groupe-66.png","width":253,"height":81,"caption":"Z\u00e9phyr et Bor\u00e9e"},"image":{"@id":"https:\/\/zephyretboree.com\/en\/#\/schema\/logo\/image\/"},"sameAs":["https:\/\/fr.linkedin.com\/company\/zephyr-bore"]}]}},"_links":{"self":[{"href":"https:\/\/zephyretboree.com\/en\/wp-json\/wp\/v2\/pages\/5277","targetHints":{"allow":["GET"]}}],"collection":[{"href":"https:\/\/zephyretboree.com\/en\/wp-json\/wp\/v2\/pages"}],"about":[{"href":"https:\/\/zephyretboree.com\/en\/wp-json\/wp\/v2\/types\/page"}],"author":[{"embeddable":true,"href":"https:\/\/zephyretboree.com\/en\/wp-json\/wp\/v2\/users\/1"}],"replies":[{"embeddable":true,"href":"https:\/\/zephyretboree.com\/en\/wp-json\/wp\/v2\/comments?post=5277"}],"version-history":[{"count":11,"href":"https:\/\/zephyretboree.com\/en\/wp-json\/wp\/v2\/pages\/5277\/revisions"}],"predecessor-version":[{"id":5921,"href":"https:\/\/zephyretboree.com\/en\/wp-json\/wp\/v2\/pages\/5277\/revisions\/5921"}],"wp:attachment":[{"href":"https:\/\/zephyretboree.com\/en\/wp-json\/wp\/v2\/media?parent=5277"}],"curies":[{"name":"wp","href":"https:\/\/api.w.org\/{rel}","templated":true}]}}