{"id":5326,"date":"2022-04-19T14:21:59","date_gmt":"2022-04-19T12:21:59","guid":{"rendered":"https:\/\/zephyretboree.com\/projects\/gwalarn\/"},"modified":"2022-10-18T09:26:06","modified_gmt":"2022-10-18T07:26:06","slug":"gwalarn","status":"publish","type":"page","link":"https:\/\/zephyretboree.com\/en\/projects\/gwalarn\/","title":{"rendered":"Gwalarn"},"content":{"rendered":"\t\t<div data-elementor-type=\"wp-page\" data-elementor-id=\"5326\" class=\"elementor elementor-5326 elementor-3878\" data-elementor-post-type=\"page\">\n\t\t\t\t\t\t<section class=\"elementor-section elementor-top-section elementor-element elementor-element-c48044c elementor-section-boxed elementor-section-height-default elementor-section-height-default\" data-id=\"c48044c\" data-element_type=\"section\" data-e-type=\"section\">\n\t\t\t\t\t\t<div class=\"elementor-container elementor-column-gap-wider\">\n\t\t\t\t\t<div class=\"elementor-column elementor-col-100 elementor-top-column elementor-element elementor-element-8a1ec42\" data-id=\"8a1ec42\" data-element_type=\"column\" data-e-type=\"column\" data-settings=\"{&quot;background_background&quot;:&quot;classic&quot;}\">\n\t\t\t<div class=\"elementor-widget-wrap elementor-element-populated\">\n\t\t\t\t\t<div class=\"elementor-background-overlay\"><\/div>\n\t\t\t\t\t\t<div class=\"elementor-element elementor-element-571c5e3 elementor-widget elementor-widget-heading\" data-id=\"571c5e3\" data-element_type=\"widget\" data-e-type=\"widget\" data-widget_type=\"heading.default\">\n\t\t\t\t<div class=\"elementor-widget-container\">\n\t\t\t\t\t<h2 class=\"elementor-heading-title elementor-size-default\">Gwalarn: multi-function roll-on roll-off ship\n        <\/h2>\t\t\t\t<\/div>\n\t\t\t\t<\/div>\n\t\t\t\t\t<\/div>\n\t\t<\/div>\n\t\t\t\t\t<\/div>\n\t\t<\/section>\n\t\t\t\t<section class=\"elementor-section elementor-top-section elementor-element elementor-element-ce17ac4 elementor-section-height-min-height elementor-section-items-top elementor-section-content-top elementor-section-boxed elementor-section-height-default\" data-id=\"ce17ac4\" data-element_type=\"section\" data-e-type=\"section\" data-settings=\"{&quot;background_background&quot;:&quot;classic&quot;}\">\n\t\t\t\t\t\t<div class=\"elementor-container elementor-column-gap-extended\">\n\t\t\t\t\t<div class=\"elementor-column elementor-col-50 elementor-top-column elementor-element elementor-element-30beb1c\" data-id=\"30beb1c\" data-element_type=\"column\" data-e-type=\"column\" data-settings=\"{&quot;background_background&quot;:&quot;classic&quot;}\">\n\t\t\t<div class=\"elementor-widget-wrap elementor-element-populated\">\n\t\t\t\t\t<div class=\"elementor-background-overlay\"><\/div>\n\t\t\t\t\t\t<div class=\"elementor-element elementor-element-4ddc3d6 elementor-widget elementor-widget-image\" data-id=\"4ddc3d6\" data-element_type=\"widget\" data-e-type=\"widget\" data-widget_type=\"image.default\">\n\t\t\t\t<div class=\"elementor-widget-container\">\n\t\t\t\t\t\t\t\t\t\t\t\t\t\t\t<img fetchpriority=\"high\" decoding=\"async\" width=\"509\" height=\"285\" src=\"https:\/\/zephyretboree.com\/wp-content\/uploads\/2022\/08\/RH07_GWALARN_Packshot_02_Voiles_Erige\u0301es_HD_2022-06-10.jpg\" class=\"attachment-full size-full wp-image-5183\" alt=\"\" srcset=\"https:\/\/zephyretboree.com\/wp-content\/uploads\/2022\/08\/RH07_GWALARN_Packshot_02_Voiles_Erige\u0301es_HD_2022-06-10.jpg 509w, https:\/\/zephyretboree.com\/wp-content\/uploads\/2022\/08\/RH07_GWALARN_Packshot_02_Voiles_Erige\u0301es_HD_2022-06-10-300x168.jpg 300w\" sizes=\"(max-width: 509px) 100vw, 509px\" style=\"width:100%;height:55.99%;max-width:509px\" \/>\t\t\t\t\t\t\t\t\t\t\t\t\t\t\t<\/div>\n\t\t\t\t<\/div>\n\t\t\t\t<div class=\"elementor-element elementor-element-7a36460 elementor-widget elementor-widget-heading\" data-id=\"7a36460\" data-element_type=\"widget\" data-e-type=\"widget\" data-widget_type=\"heading.default\">\n\t\t\t\t<div class=\"elementor-widget-container\">\n\t\t\t\t\t<h4 class=\"elementor-heading-title elementor-size-default\">In figures:\n        <\/h4>\t\t\t\t<\/div>\n\t\t\t\t<\/div>\n\t\t\t\t<section class=\"elementor-section elementor-inner-section elementor-element elementor-element-b2e8a30 elementor-section-boxed elementor-section-height-default elementor-section-height-default\" data-id=\"b2e8a30\" data-element_type=\"section\" data-e-type=\"section\">\n\t\t\t\t\t\t<div class=\"elementor-container elementor-column-gap-default\">\n\t\t\t\t\t<div class=\"elementor-column elementor-col-50 elementor-inner-column elementor-element elementor-element-72beb37\" data-id=\"72beb37\" data-element_type=\"column\" data-e-type=\"column\">\n\t\t\t<div class=\"elementor-widget-wrap elementor-element-populated\">\n\t\t\t\t\t\t<div class=\"elementor-element elementor-element-24c8c5c elementor-widget-divider--view-line elementor-widget elementor-widget-divider\" data-id=\"24c8c5c\" data-element_type=\"widget\" data-e-type=\"widget\" data-widget_type=\"divider.default\">\n\t\t\t\t<div class=\"elementor-widget-container\">\n\t\t\t\t\t\t\t<div class=\"elementor-divider\">\n\t\t\t<span class=\"elementor-divider-separator\">\n\t\t\t\t\t\t<\/span>\n\t\t<\/div>\n\t\t\t\t\t\t<\/div>\n\t\t\t\t<\/div>\n\t\t\t\t<div class=\"elementor-element elementor-element-e8d6a17 elementor-widget elementor-widget-heading\" data-id=\"e8d6a17\" data-element_type=\"widget\" data-e-type=\"widget\" data-widget_type=\"heading.default\">\n\t\t\t\t<div class=\"elementor-widget-container\">\n\t\t\t\t\t<p class=\"elementor-heading-title elementor-size-default\">Overall length: <span class=\"nb\">179.20&nbsp;m<\/span><\/p>\t\t\t\t<\/div>\n\t\t\t\t<\/div>\n\t\t\t\t<div class=\"elementor-element elementor-element-587148f elementor-widget-divider--view-line elementor-widget elementor-widget-divider\" data-id=\"587148f\" data-element_type=\"widget\" data-e-type=\"widget\" data-widget_type=\"divider.default\">\n\t\t\t\t<div class=\"elementor-widget-container\">\n\t\t\t\t\t\t\t<div class=\"elementor-divider\">\n\t\t\t<span class=\"elementor-divider-separator\">\n\t\t\t\t\t\t<\/span>\n\t\t<\/div>\n\t\t\t\t\t\t<\/div>\n\t\t\t\t<\/div>\n\t\t\t\t<div class=\"elementor-element elementor-element-87face6 elementor-widget elementor-widget-heading\" data-id=\"87face6\" data-element_type=\"widget\" data-e-type=\"widget\" data-widget_type=\"heading.default\">\n\t\t\t\t<div class=\"elementor-widget-container\">\n\t\t\t\t\t<p class=\"elementor-heading-title elementor-size-default\">BP length: <span class=\"nb\">174.40&nbsp;m<\/span><\/p>\t\t\t\t<\/div>\n\t\t\t\t<\/div>\n\t\t\t\t<div class=\"elementor-element elementor-element-adcaeee elementor-widget-divider--view-line elementor-widget elementor-widget-divider\" data-id=\"adcaeee\" data-element_type=\"widget\" data-e-type=\"widget\" data-widget_type=\"divider.default\">\n\t\t\t\t<div class=\"elementor-widget-container\">\n\t\t\t\t\t\t\t<div class=\"elementor-divider\">\n\t\t\t<span class=\"elementor-divider-separator\">\n\t\t\t\t\t\t<\/span>\n\t\t<\/div>\n\t\t\t\t\t\t<\/div>\n\t\t\t\t<\/div>\n\t\t\t\t<div class=\"elementor-element elementor-element-d9647be elementor-widget elementor-widget-heading\" data-id=\"d9647be\" data-element_type=\"widget\" data-e-type=\"widget\" data-widget_type=\"heading.default\">\n\t\t\t\t<div class=\"elementor-widget-container\">\n\t\t\t\t\t<p class=\"elementor-heading-title elementor-size-default\">Overall beam: <span class=\"nb\">26.40&nbsp;m<\/span><\/p>\t\t\t\t<\/div>\n\t\t\t\t<\/div>\n\t\t\t\t<div class=\"elementor-element elementor-element-ff82f11 elementor-widget-divider--view-line elementor-widget elementor-widget-divider\" data-id=\"ff82f11\" data-element_type=\"widget\" data-e-type=\"widget\" data-widget_type=\"divider.default\">\n\t\t\t\t<div class=\"elementor-widget-container\">\n\t\t\t\t\t\t\t<div class=\"elementor-divider\">\n\t\t\t<span class=\"elementor-divider-separator\">\n\t\t\t\t\t\t<\/span>\n\t\t<\/div>\n\t\t\t\t\t\t<\/div>\n\t\t\t\t<\/div>\n\t\t\t\t<div class=\"elementor-element elementor-element-722cb8a elementor-widget elementor-widget-heading\" data-id=\"722cb8a\" data-element_type=\"widget\" data-e-type=\"widget\" data-widget_type=\"heading.default\">\n\t\t\t\t<div class=\"elementor-widget-container\">\n\t\t\t\t\t<p class=\"elementor-heading-title elementor-size-default\">Scantling draught\/DWT: <span class=\"nb\">7.60 m \/ 11 200 t<\/span><\/p>\t\t\t\t<\/div>\n\t\t\t\t<\/div>\n\t\t\t\t<div class=\"elementor-element elementor-element-85407a1 elementor-widget-divider--view-line elementor-widget elementor-widget-divider\" data-id=\"85407a1\" data-element_type=\"widget\" data-e-type=\"widget\" data-widget_type=\"divider.default\">\n\t\t\t\t<div class=\"elementor-widget-container\">\n\t\t\t\t\t\t\t<div class=\"elementor-divider\">\n\t\t\t<span class=\"elementor-divider-separator\">\n\t\t\t\t\t\t<\/span>\n\t\t<\/div>\n\t\t\t\t\t\t<\/div>\n\t\t\t\t<\/div>\n\t\t\t\t<div class=\"elementor-element elementor-element-117d29c elementor-widget elementor-widget-heading\" data-id=\"117d29c\" data-element_type=\"widget\" data-e-type=\"widget\" data-widget_type=\"heading.default\">\n\t\t\t\t<div class=\"elementor-widget-container\">\n\t\t\t\t\t<p class=\"elementor-heading-title elementor-size-default\">Summer draught: <span class=\"nb\">7.20 m<\/span><\/p>\t\t\t\t<\/div>\n\t\t\t\t<\/div>\n\t\t\t\t<div class=\"elementor-element elementor-element-cd98a8b elementor-widget-divider--view-line elementor-widget elementor-widget-divider\" data-id=\"cd98a8b\" data-element_type=\"widget\" data-e-type=\"widget\" data-widget_type=\"divider.default\">\n\t\t\t\t<div class=\"elementor-widget-container\">\n\t\t\t\t\t\t\t<div class=\"elementor-divider\">\n\t\t\t<span class=\"elementor-divider-separator\">\n\t\t\t\t\t\t<\/span>\n\t\t<\/div>\n\t\t\t\t\t\t<\/div>\n\t\t\t\t<\/div>\n\t\t\t\t<div class=\"elementor-element elementor-element-dc13540 elementor-widget elementor-widget-heading\" data-id=\"dc13540\" data-element_type=\"widget\" data-e-type=\"widget\" data-widget_type=\"heading.default\">\n\t\t\t\t<div class=\"elementor-widget-container\">\n\t\t\t\t\t<p class=\"elementor-heading-title elementor-size-default\">Service (trailers) Draught\/DWT: <span class=\"nb\">6.10 m \/ 6 000 t<\/span><\/p>\t\t\t\t<\/div>\n\t\t\t\t<\/div>\n\t\t\t\t\t<\/div>\n\t\t<\/div>\n\t\t\t\t<div class=\"elementor-column elementor-col-50 elementor-inner-column elementor-element elementor-element-5f1c849\" data-id=\"5f1c849\" data-element_type=\"column\" data-e-type=\"column\">\n\t\t\t<div class=\"elementor-widget-wrap elementor-element-populated\">\n\t\t\t\t\t\t<div class=\"elementor-element elementor-element-240c094 elementor-widget-divider--view-line elementor-widget elementor-widget-divider\" data-id=\"240c094\" data-element_type=\"widget\" data-e-type=\"widget\" data-widget_type=\"divider.default\">\n\t\t\t\t<div class=\"elementor-widget-container\">\n\t\t\t\t\t\t\t<div class=\"elementor-divider\">\n\t\t\t<span class=\"elementor-divider-separator\">\n\t\t\t\t\t\t<\/span>\n\t\t<\/div>\n\t\t\t\t\t\t<\/div>\n\t\t\t\t<\/div>\n\t\t\t\t<div class=\"elementor-element elementor-element-c7484d7 elementor-widget elementor-widget-heading\" data-id=\"c7484d7\" data-element_type=\"widget\" data-e-type=\"widget\" data-widget_type=\"heading.default\">\n\t\t\t\t<div class=\"elementor-widget-container\">\n\t\t\t\t\t<p class=\"elementor-heading-title elementor-size-default\">Total lane metres: <span class=\"nb\">2,539 m <\/span> <\/p>\t\t\t\t<\/div>\n\t\t\t\t<\/div>\n\t\t\t\t<div class=\"elementor-element elementor-element-fdb5703 elementor-widget-divider--view-line elementor-widget elementor-widget-divider\" data-id=\"fdb5703\" data-element_type=\"widget\" data-e-type=\"widget\" data-widget_type=\"divider.default\">\n\t\t\t\t<div class=\"elementor-widget-container\">\n\t\t\t\t\t\t\t<div class=\"elementor-divider\">\n\t\t\t<span class=\"elementor-divider-separator\">\n\t\t\t\t\t\t<\/span>\n\t\t<\/div>\n\t\t\t\t\t\t<\/div>\n\t\t\t\t<\/div>\n\t\t\t\t<div class=\"elementor-element elementor-element-f79e379 elementor-widget elementor-widget-heading\" data-id=\"f79e379\" data-element_type=\"widget\" data-e-type=\"widget\" data-widget_type=\"heading.default\">\n\t\t\t\t<div class=\"elementor-widget-container\">\n\t\t\t\t\t<p class=\"elementor-heading-title elementor-size-default\"><u>Stern ramp:\n         <br><\/u>\nWidth: <span class=\"nb\">18.80 m<\/span><br>\nLength: <span class=\"nb\">16.00 m<\/span><\/p>\t\t\t\t<\/div>\n\t\t\t\t<\/div>\n\t\t\t\t<div class=\"elementor-element elementor-element-db01b5a elementor-widget-divider--view-line elementor-widget elementor-widget-divider\" data-id=\"db01b5a\" data-element_type=\"widget\" data-e-type=\"widget\" data-widget_type=\"divider.default\">\n\t\t\t\t<div class=\"elementor-widget-container\">\n\t\t\t\t\t\t\t<div class=\"elementor-divider\">\n\t\t\t<span class=\"elementor-divider-separator\">\n\t\t\t\t\t\t<\/span>\n\t\t<\/div>\n\t\t\t\t\t\t<\/div>\n\t\t\t\t<\/div>\n\t\t\t\t\t<\/div>\n\t\t<\/div>\n\t\t\t\t\t<\/div>\n\t\t<\/section>\n\t\t\t\t\t<\/div>\n\t\t<\/div>\n\t\t\t\t<div class=\"elementor-column elementor-col-50 elementor-top-column elementor-element elementor-element-3ce8522\" data-id=\"3ce8522\" data-element_type=\"column\" data-e-type=\"column\" data-settings=\"{&quot;background_background&quot;:&quot;classic&quot;}\">\n\t\t\t<div class=\"elementor-widget-wrap elementor-element-populated\">\n\t\t\t\t\t<div class=\"elementor-background-overlay\"><\/div>\n\t\t\t\t\t\t<div class=\"elementor-element elementor-element-762bf12 elementor-widget elementor-widget-text-editor\" data-id=\"762bf12\" data-element_type=\"widget\" data-e-type=\"widget\" data-widget_type=\"text-editor.default\">\n\t\t\t\t<div class=\"elementor-widget-container\">\n\t\t\t\t\t\t\t\t\t<p>Roll-on Roll-off ships are well-suited to wind propulsion as no crane operations will impede the installation of sails on the deck.\n        <\/p>\n<p><\/p>\n<p>However, the high speed often required (15 to 20 knots) by users of this type of ship can reduce the capacity of sails to significantly reduce the ship\u2019s fuel consumption.\n        <\/p>\n<p><\/p>\n<p>Stricter regulations ahead (EEXI, CII) will force ships to slow down, which will also favour the use of wind power on these ships.\n        <\/p>\n<p><\/p>\n<p>We developed the Gwalarn to be operated at a <span class=\"gras\">reduced speed (design speed 14 knots).<\/span><\/p>\n<p><\/p>\n<p>The ship features three main decks used to transport unaccompanied trailers and two mobile decks to increase the load capacity of light vehicles.<br>         The capacity is therefore of 185 trailers or 105 trailers and 700 light vehicles.\n        <\/p>\t\t\t\t\t\t\t\t<\/div>\n\t\t\t\t<\/div>\n\t\t\t\t\t<\/div>\n\t\t<\/div>\n\t\t\t\t\t<\/div>\n\t\t<\/section>\n\t\t\t\t<\/div>\n\t\t","protected":false},"excerpt":{"rendered":"<p>Gwalarn: multi-function roll-on roll-off ship In figures: Overall length: 179.20&nbsp;m BP length: 174.40&nbsp;m Overall beam: 26.40&nbsp;m Scantling draught\/DWT: 7.60 m \/ 11 200 t Summer draught: 7.20 m Service (trailers) Draught\/DWT: 6.10 m \/ 6 000 t Total lane metres: 2,539 m Stern ramp: Width: 18.80 m Length: 16.00 m Roll-on Roll-off ships are well-suited&hellip; <a class=\"more-link\" href=\"https:\/\/zephyretboree.com\/en\/projects\/gwalarn\/\">Continue reading <span class=\"screen-reader-text\">Gwalarn<\/span><\/a><\/p>\n","protected":false},"author":1,"featured_media":0,"parent":5273,"menu_order":0,"comment_status":"closed","ping_status":"closed","template":"","meta":{"inline_featured_image":false,"footnotes":""},"class_list":["post-5326","page","type-page","status-publish","hentry","entry"],"yoast_head":"<!-- This site is optimized with the Yoast SEO plugin v27.1.1 - https:\/\/yoast.com\/product\/yoast-seo-wordpress\/ -->\n<title>Gwalarn - Z\u00e9phyr &amp; Bor\u00e9e<\/title>\n<meta name=\"description\" content=\"Multi-purpose RoRo ship designed by Z\u00e9phyr &amp; Bor\u00e9e\" \/>\n<meta name=\"robots\" content=\"index, follow, max-snippet:-1, max-image-preview:large, max-video-preview:-1\" \/>\n<link rel=\"canonical\" href=\"https:\/\/zephyretboree.com\/en\/projects\/gwalarn\/\" \/>\n<meta property=\"og:locale\" content=\"en_US\" \/>\n<meta property=\"og:type\" content=\"article\" \/>\n<meta property=\"og:title\" content=\"Gwalarn - Z\u00e9phyr &amp; Bor\u00e9e\" \/>\n<meta property=\"og:description\" content=\"Multi-purpose RoRo ship designed by Z\u00e9phyr &amp; Bor\u00e9e\" \/>\n<meta property=\"og:url\" content=\"https:\/\/zephyretboree.com\/en\/projects\/gwalarn\/\" \/>\n<meta property=\"og:site_name\" content=\"Z\u00e9phyr &amp; Bor\u00e9e\" \/>\n<meta property=\"article:modified_time\" content=\"2022-10-18T07:26:06+00:00\" \/>\n<meta name=\"twitter:card\" content=\"summary_large_image\" \/>\n<meta name=\"twitter:label1\" content=\"Est. reading time\" \/>\n\t<meta name=\"twitter:data1\" content=\"1 minute\" \/>\n<script type=\"application\/ld+json\" class=\"yoast-schema-graph\">{\"@context\":\"https:\/\/schema.org\",\"@graph\":[{\"@type\":\"WebPage\",\"@id\":\"https:\/\/zephyretboree.com\/en\/projects\/gwalarn\/\",\"url\":\"https:\/\/zephyretboree.com\/en\/projects\/gwalarn\/\",\"name\":\"Gwalarn - Z\u00e9phyr &amp; Bor\u00e9e\",\"isPartOf\":{\"@id\":\"https:\/\/zephyretboree.com\/en\/#website\"},\"datePublished\":\"2022-04-19T12:21:59+00:00\",\"dateModified\":\"2022-10-18T07:26:06+00:00\",\"description\":\"Multi-purpose RoRo ship designed by Z\u00e9phyr & Bor\u00e9e\",\"breadcrumb\":{\"@id\":\"https:\/\/zephyretboree.com\/en\/projects\/gwalarn\/#breadcrumb\"},\"inLanguage\":\"en-US\",\"potentialAction\":[{\"@type\":\"ReadAction\",\"target\":[\"https:\/\/zephyretboree.com\/en\/projects\/gwalarn\/\"]}]},{\"@type\":\"BreadcrumbList\",\"@id\":\"https:\/\/zephyretboree.com\/en\/projects\/gwalarn\/#breadcrumb\",\"itemListElement\":[{\"@type\":\"ListItem\",\"position\":1,\"name\":\"Accueil\",\"item\":\"https:\/\/zephyretboree.com\/en\/\"},{\"@type\":\"ListItem\",\"position\":2,\"name\":\"Projects\",\"item\":\"https:\/\/zephyretboree.com\/en\/projects\/\"},{\"@type\":\"ListItem\",\"position\":3,\"name\":\"Gwalarn\"}]},{\"@type\":\"WebSite\",\"@id\":\"https:\/\/zephyretboree.com\/en\/#website\",\"url\":\"https:\/\/zephyretboree.com\/en\/\",\"name\":\"Z\u00e9phyr &amp; Bor\u00e9e\",\"description\":\"\",\"publisher\":{\"@id\":\"https:\/\/zephyretboree.com\/en\/#organization\"},\"potentialAction\":[{\"@type\":\"SearchAction\",\"target\":{\"@type\":\"EntryPoint\",\"urlTemplate\":\"https:\/\/zephyretboree.com\/en\/?s={search_term_string}\"},\"query-input\":{\"@type\":\"PropertyValueSpecification\",\"valueRequired\":true,\"valueName\":\"search_term_string\"}}],\"inLanguage\":\"en-US\"},{\"@type\":\"Organization\",\"@id\":\"https:\/\/zephyretboree.com\/en\/#organization\",\"name\":\"Z\u00e9phyr et Bor\u00e9e\",\"url\":\"https:\/\/zephyretboree.com\/en\/\",\"logo\":{\"@type\":\"ImageObject\",\"inLanguage\":\"en-US\",\"@id\":\"https:\/\/zephyretboree.com\/en\/#\/schema\/logo\/image\/\",\"url\":\"https:\/\/zephyretboree.com\/wp-content\/uploads\/2022\/03\/Groupe-66.png\",\"contentUrl\":\"https:\/\/zephyretboree.com\/wp-content\/uploads\/2022\/03\/Groupe-66.png\",\"width\":253,\"height\":81,\"caption\":\"Z\u00e9phyr et Bor\u00e9e\"},\"image\":{\"@id\":\"https:\/\/zephyretboree.com\/en\/#\/schema\/logo\/image\/\"},\"sameAs\":[\"https:\/\/fr.linkedin.com\/company\/zephyr-bore\"]}]}<\/script>\n<!-- \/ Yoast SEO plugin. -->","yoast_head_json":{"title":"Gwalarn - Z\u00e9phyr &amp; Bor\u00e9e","description":"Multi-purpose RoRo ship designed by Z\u00e9phyr & Bor\u00e9e","robots":{"index":"index","follow":"follow","max-snippet":"max-snippet:-1","max-image-preview":"max-image-preview:large","max-video-preview":"max-video-preview:-1"},"canonical":"https:\/\/zephyretboree.com\/en\/projects\/gwalarn\/","og_locale":"en_US","og_type":"article","og_title":"Gwalarn - Z\u00e9phyr &amp; Bor\u00e9e","og_description":"Multi-purpose RoRo ship designed by Z\u00e9phyr & Bor\u00e9e","og_url":"https:\/\/zephyretboree.com\/en\/projects\/gwalarn\/","og_site_name":"Z\u00e9phyr &amp; Bor\u00e9e","article_modified_time":"2022-10-18T07:26:06+00:00","twitter_card":"summary_large_image","twitter_misc":{"Est. reading time":"1 minute"},"schema":{"@context":"https:\/\/schema.org","@graph":[{"@type":"WebPage","@id":"https:\/\/zephyretboree.com\/en\/projects\/gwalarn\/","url":"https:\/\/zephyretboree.com\/en\/projects\/gwalarn\/","name":"Gwalarn - Z\u00e9phyr &amp; Bor\u00e9e","isPartOf":{"@id":"https:\/\/zephyretboree.com\/en\/#website"},"datePublished":"2022-04-19T12:21:59+00:00","dateModified":"2022-10-18T07:26:06+00:00","description":"Multi-purpose RoRo ship designed by Z\u00e9phyr & Bor\u00e9e","breadcrumb":{"@id":"https:\/\/zephyretboree.com\/en\/projects\/gwalarn\/#breadcrumb"},"inLanguage":"en-US","potentialAction":[{"@type":"ReadAction","target":["https:\/\/zephyretboree.com\/en\/projects\/gwalarn\/"]}]},{"@type":"BreadcrumbList","@id":"https:\/\/zephyretboree.com\/en\/projects\/gwalarn\/#breadcrumb","itemListElement":[{"@type":"ListItem","position":1,"name":"Accueil","item":"https:\/\/zephyretboree.com\/en\/"},{"@type":"ListItem","position":2,"name":"Projects","item":"https:\/\/zephyretboree.com\/en\/projects\/"},{"@type":"ListItem","position":3,"name":"Gwalarn"}]},{"@type":"WebSite","@id":"https:\/\/zephyretboree.com\/en\/#website","url":"https:\/\/zephyretboree.com\/en\/","name":"Z\u00e9phyr &amp; Bor\u00e9e","description":"","publisher":{"@id":"https:\/\/zephyretboree.com\/en\/#organization"},"potentialAction":[{"@type":"SearchAction","target":{"@type":"EntryPoint","urlTemplate":"https:\/\/zephyretboree.com\/en\/?s={search_term_string}"},"query-input":{"@type":"PropertyValueSpecification","valueRequired":true,"valueName":"search_term_string"}}],"inLanguage":"en-US"},{"@type":"Organization","@id":"https:\/\/zephyretboree.com\/en\/#organization","name":"Z\u00e9phyr et Bor\u00e9e","url":"https:\/\/zephyretboree.com\/en\/","logo":{"@type":"ImageObject","inLanguage":"en-US","@id":"https:\/\/zephyretboree.com\/en\/#\/schema\/logo\/image\/","url":"https:\/\/zephyretboree.com\/wp-content\/uploads\/2022\/03\/Groupe-66.png","contentUrl":"https:\/\/zephyretboree.com\/wp-content\/uploads\/2022\/03\/Groupe-66.png","width":253,"height":81,"caption":"Z\u00e9phyr et Bor\u00e9e"},"image":{"@id":"https:\/\/zephyretboree.com\/en\/#\/schema\/logo\/image\/"},"sameAs":["https:\/\/fr.linkedin.com\/company\/zephyr-bore"]}]}},"_links":{"self":[{"href":"https:\/\/zephyretboree.com\/en\/wp-json\/wp\/v2\/pages\/5326","targetHints":{"allow":["GET"]}}],"collection":[{"href":"https:\/\/zephyretboree.com\/en\/wp-json\/wp\/v2\/pages"}],"about":[{"href":"https:\/\/zephyretboree.com\/en\/wp-json\/wp\/v2\/types\/page"}],"author":[{"embeddable":true,"href":"https:\/\/zephyretboree.com\/en\/wp-json\/wp\/v2\/users\/1"}],"replies":[{"embeddable":true,"href":"https:\/\/zephyretboree.com\/en\/wp-json\/wp\/v2\/comments?post=5326"}],"version-history":[{"count":10,"href":"https:\/\/zephyretboree.com\/en\/wp-json\/wp\/v2\/pages\/5326\/revisions"}],"predecessor-version":[{"id":5709,"href":"https:\/\/zephyretboree.com\/en\/wp-json\/wp\/v2\/pages\/5326\/revisions\/5709"}],"up":[{"embeddable":true,"href":"https:\/\/zephyretboree.com\/en\/wp-json\/wp\/v2\/pages\/5273"}],"wp:attachment":[{"href":"https:\/\/zephyretboree.com\/en\/wp-json\/wp\/v2\/media?parent=5326"}],"curies":[{"name":"wp","href":"https:\/\/api.w.org\/{rel}","templated":true}]}}