{"id":6381,"date":"2023-11-23T11:31:57","date_gmt":"2023-11-23T10:31:57","guid":{"rendered":"https:\/\/zephyretboree.com\/news\/"},"modified":"2024-01-08T09:49:14","modified_gmt":"2024-01-08T08:49:14","slug":"news","status":"publish","type":"page","link":"https:\/\/zephyretboree.com\/en\/news\/","title":{"rendered":"News"},"content":{"rendered":"\t\t<div data-elementor-type=\"wp-page\" data-elementor-id=\"6381\" class=\"elementor elementor-6381 elementor-6249\" data-elementor-post-type=\"page\">\n\t\t\t\t\t\t<section class=\"elementor-section elementor-top-section elementor-element elementor-element-42f2590 elementor-section-full_width elementor-section-height-min-height elementor-section-height-default elementor-section-items-middle\" data-id=\"42f2590\" data-element_type=\"section\" data-e-type=\"section\" data-settings=\"{&quot;background_background&quot;:&quot;classic&quot;}\">\n\t\t\t\t\t\t\t<div class=\"elementor-background-overlay\"><\/div>\n\t\t\t\t\t\t\t<div class=\"elementor-container elementor-column-gap-default\">\n\t\t\t\t\t<div class=\"elementor-column elementor-col-100 elementor-top-column elementor-element elementor-element-3a9c9c4\" data-id=\"3a9c9c4\" data-element_type=\"column\" data-e-type=\"column\">\n\t\t\t<div class=\"elementor-widget-wrap elementor-element-populated\">\n\t\t\t\t\t\t<div class=\"elementor-element elementor-element-e0b1ff3 elementor-widget elementor-widget-heading\" data-id=\"e0b1ff3\" data-element_type=\"widget\" data-e-type=\"widget\" data-widget_type=\"heading.default\">\n\t\t\t\t<div class=\"elementor-widget-container\">\n\t\t\t\t\t<h2 class=\"elementor-heading-title elementor-size-default\">News<\/h2>\t\t\t\t<\/div>\n\t\t\t\t<\/div>\n\t\t\t\t\t<\/div>\n\t\t<\/div>\n\t\t\t\t\t<\/div>\n\t\t<\/section>\n\t\t\t\t<section class=\"elementor-section elementor-top-section elementor-element elementor-element-e2cf2e0 elementor-section-full_width elementor-section-height-min-height elementor-section-height-default elementor-section-items-middle\" data-id=\"e2cf2e0\" data-element_type=\"section\" data-e-type=\"section\">\n\t\t\t\t\t\t<div class=\"elementor-container elementor-column-gap-default\">\n\t\t\t\t\t<div class=\"elementor-column elementor-col-100 elementor-top-column elementor-element elementor-element-10cef21\" data-id=\"10cef21\" data-element_type=\"column\" data-e-type=\"column\">\n\t\t\t<div class=\"elementor-widget-wrap elementor-element-populated\">\n\t\t\t\t\t\t<div class=\"elementor-element elementor-element-b508448 elementor-widget elementor-widget-heading\" data-id=\"b508448\" data-element_type=\"widget\" data-e-type=\"widget\" data-widget_type=\"heading.default\">\n\t\t\t\t<div class=\"elementor-widget-container\">\n\t\t\t\t\t<p class=\"elementor-heading-title elementor-size-default\">Follow the news from Z\u00e9phyr and Bor\u00e9e: tenders won, labels obtained, site announcements, recruitment, ship fitting out...<\/p>\t\t\t\t<\/div>\n\t\t\t\t<\/div>\n\t\t\t\t\t<\/div>\n\t\t<\/div>\n\t\t\t\t\t<\/div>\n\t\t<\/section>\n\t\t\t\t<section class=\"elementor-section elementor-top-section elementor-element elementor-element-23a9043 elementor-section-boxed elementor-section-height-default elementor-section-height-default elementor-invisible\" data-id=\"23a9043\" data-element_type=\"section\" data-e-type=\"section\" data-settings=\"{&quot;animation&quot;:&quot;fadeIn&quot;}\">\n\t\t\t\t\t\t<div class=\"elementor-container elementor-column-gap-default\">\n\t\t\t\t\t<div class=\"elementor-column elementor-col-100 elementor-top-column elementor-element elementor-element-c4a6f7a\" data-id=\"c4a6f7a\" data-element_type=\"column\" data-e-type=\"column\">\n\t\t\t<div class=\"elementor-widget-wrap elementor-element-populated\">\n\t\t\t\t\t\t<div class=\"elementor-element elementor-element-7b7f9f4 elementor-grid-2 elementor-grid-tablet-2 elementor-grid-mobile-1 elementor-posts--thumbnail-top elementor-widget elementor-widget-posts\" data-id=\"7b7f9f4\" data-element_type=\"widget\" data-e-type=\"widget\" data-settings=\"{&quot;classic_columns&quot;:&quot;2&quot;,&quot;classic_columns_tablet&quot;:&quot;2&quot;,&quot;classic_columns_mobile&quot;:&quot;1&quot;,&quot;classic_row_gap&quot;:{&quot;unit&quot;:&quot;px&quot;,&quot;size&quot;:35,&quot;sizes&quot;:[]},&quot;classic_row_gap_tablet&quot;:{&quot;unit&quot;:&quot;px&quot;,&quot;size&quot;:&quot;&quot;,&quot;sizes&quot;:[]},&quot;classic_row_gap_mobile&quot;:{&quot;unit&quot;:&quot;px&quot;,&quot;size&quot;:&quot;&quot;,&quot;sizes&quot;:[]}}\" data-widget_type=\"posts.classic\">\n\t\t\t\t<div class=\"elementor-widget-container\">\n\t\t\t\t\t\t\t<div class=\"elementor-posts-container elementor-posts elementor-posts--skin-classic elementor-grid\" role=\"list\">\n\t\t\t\t<article class=\"elementor-post elementor-grid-item post-6472 post type-post status-publish format-standard has-post-thumbnail hentry category-non-classifiee entry\" role=\"listitem\">\n\t\t\t\t<a class=\"elementor-post__thumbnail__link\" href=\"https:\/\/zephyretboree.com\/en\/2023\/11\/15\/the-canopee-voted-boat-of-the-year\/\" tabindex=\"-1\" >\n\t\t\t<div class=\"elementor-post__thumbnail\"><img fetchpriority=\"high\" decoding=\"async\" width=\"750\" height=\"501\" src=\"https:\/\/zephyretboree.com\/wp-content\/uploads\/2023\/10\/Zephyr-et-boree-canopee-TomVanOossanen1-1024x684.jpg\" class=\"attachment-large size-large wp-image-6098\" alt=\"Le roulier Canop\u00e9e qui navigue les ailes d\u00e9ploy\u00e9es\" style=\"width:100%;height:66.76%;max-width:1498px\" srcset=\"https:\/\/zephyretboree.com\/wp-content\/uploads\/2023\/10\/Zephyr-et-boree-canopee-TomVanOossanen1-1024x684.jpg 1024w, https:\/\/zephyretboree.com\/wp-content\/uploads\/2023\/10\/Zephyr-et-boree-canopee-TomVanOossanen1-300x200.jpg 300w, https:\/\/zephyretboree.com\/wp-content\/uploads\/2023\/10\/Zephyr-et-boree-canopee-TomVanOossanen1-768x513.jpg 768w, https:\/\/zephyretboree.com\/wp-content\/uploads\/2023\/10\/Zephyr-et-boree-canopee-TomVanOossanen1.jpg 1498w\" sizes=\"(max-width: 750px) 100vw, 750px\" \/><\/div>\n\t\t<\/a>\n\t\t\t\t<div class=\"elementor-post__text\">\n\t\t\t\t<h3 class=\"elementor-post__title\">\n\t\t\t<a href=\"https:\/\/zephyretboree.com\/en\/2023\/11\/15\/the-canopee-voted-boat-of-the-year\/\" >\n\t\t\t\tThe Canop\u00e9e voted &#8220;boat of the year&#8221;\t\t\t<\/a>\n\t\t<\/h3>\n\t\t\t\t<div class=\"elementor-post__meta-data\">\n\t\t\t\t\t<span class=\"elementor-post-date\">\n\t\t\t15 November 2023\t\t<\/span>\n\t\t\t\t<\/div>\n\t\t\t\t<div class=\"elementor-post__excerpt\">\n\t\t\t<p>The Canop\u00e9e was voted Ship of the Year at the Maritime Awards Gala in Rotterdam.<\/p>\n\t\t<\/div>\n\t\t\n\t\t<a class=\"elementor-post__read-more\" href=\"https:\/\/zephyretboree.com\/en\/2023\/11\/15\/the-canopee-voted-boat-of-the-year\/\" aria-label=\"Read more about The Canop\u00e9e voted &#8220;boat of the year&#8221;\" tabindex=\"-1\" >\n\t\t\tRead more \u00bb\t\t<\/a>\n\n\t\t\t\t<\/div>\n\t\t\t\t<\/article>\n\t\t\t\t<article class=\"elementor-post elementor-grid-item post-6479 post type-post status-publish format-standard has-post-thumbnail hentry category-non-classifiee entry\" role=\"listitem\">\n\t\t\t\t<a class=\"elementor-post__thumbnail__link\" href=\"https:\/\/zephyretboree.com\/en\/2023\/10\/06\/the-canopee-christened-by-its-godmother\/\" tabindex=\"-1\" >\n\t\t\t<div class=\"elementor-post__thumbnail\"><img decoding=\"async\" width=\"750\" height=\"500\" src=\"https:\/\/zephyretboree.com\/wp-content\/uploads\/2023\/12\/YD100137-Copie1-1024x683.jpg\" class=\"attachment-large size-large wp-image-6458\" alt=\"Discours de la marraine du Canop\u00e9e - cr\u00e9dit : Madfly\" style=\"width:100%;height:66.64%;max-width:2560px\" srcset=\"https:\/\/zephyretboree.com\/wp-content\/uploads\/2023\/12\/YD100137-Copie1-1024x683.jpg 1024w, https:\/\/zephyretboree.com\/wp-content\/uploads\/2023\/12\/YD100137-Copie1-300x200.jpg 300w, https:\/\/zephyretboree.com\/wp-content\/uploads\/2023\/12\/YD100137-Copie1-768x512.jpg 768w, https:\/\/zephyretboree.com\/wp-content\/uploads\/2023\/12\/YD100137-Copie1-1536x1024.jpg 1536w, https:\/\/zephyretboree.com\/wp-content\/uploads\/2023\/12\/YD100137-Copie1-2048x1365.jpg 2048w, https:\/\/zephyretboree.com\/wp-content\/uploads\/2023\/12\/YD100137-Copie1-1568x1045.jpg 1568w\" sizes=\"(max-width: 750px) 100vw, 750px\" \/><\/div>\n\t\t<\/a>\n\t\t\t\t<div class=\"elementor-post__text\">\n\t\t\t\t<h3 class=\"elementor-post__title\">\n\t\t\t<a href=\"https:\/\/zephyretboree.com\/en\/2023\/10\/06\/the-canopee-christened-by-its-godmother\/\" >\n\t\t\t\tThe Canop\u00e9e christened by its godmother\t\t\t<\/a>\n\t\t<\/h3>\n\t\t\t\t<div class=\"elementor-post__meta-data\">\n\t\t\t\t\t<span class=\"elementor-post-date\">\n\t\t\t6 October 2023\t\t<\/span>\n\t\t\t\t<\/div>\n\t\t\t\t<div class=\"elementor-post__excerpt\">\n\t\t\t<p>The ship Canop\u00e9e was christened with the traditional bottle of champagne on the quays of Bordeaux.<\/p>\n\t\t<\/div>\n\t\t\n\t\t<a class=\"elementor-post__read-more\" href=\"https:\/\/zephyretboree.com\/en\/2023\/10\/06\/the-canopee-christened-by-its-godmother\/\" aria-label=\"Read more about The Canop\u00e9e christened by its godmother\" tabindex=\"-1\" >\n\t\t\tRead more \u00bb\t\t<\/a>\n\n\t\t\t\t<\/div>\n\t\t\t\t<\/article>\n\t\t\t\t<article class=\"elementor-post elementor-grid-item post-6441 post type-post status-publish format-standard has-post-thumbnail hentry category-non-classifiee entry\" role=\"listitem\">\n\t\t\t\t<a class=\"elementor-post__thumbnail__link\" href=\"https:\/\/zephyretboree.com\/en\/2023\/05\/04\/zephyr-boree-wins-france-2030-award\/\" tabindex=\"-1\" >\n\t\t\t<div class=\"elementor-post__thumbnail\"><img decoding=\"async\" width=\"750\" height=\"500\" src=\"https:\/\/zephyretboree.com\/wp-content\/uploads\/2023\/11\/DSC_6576-1024x682.jpg\" class=\"attachment-large size-large wp-image-6253\" alt=\"\" style=\"width:100%;height:66.6%;max-width:2560px\" srcset=\"https:\/\/zephyretboree.com\/wp-content\/uploads\/2023\/11\/DSC_6576-1024x682.jpg 1024w, https:\/\/zephyretboree.com\/wp-content\/uploads\/2023\/11\/DSC_6576-300x200.jpg 300w, https:\/\/zephyretboree.com\/wp-content\/uploads\/2023\/11\/DSC_6576-768x511.jpg 768w, https:\/\/zephyretboree.com\/wp-content\/uploads\/2023\/11\/DSC_6576-1536x1023.jpg 1536w, https:\/\/zephyretboree.com\/wp-content\/uploads\/2023\/11\/DSC_6576-2048x1364.jpg 2048w, https:\/\/zephyretboree.com\/wp-content\/uploads\/2023\/11\/DSC_6576-1568x1044.jpg 1568w\" sizes=\"(max-width: 750px) 100vw, 750px\" \/><\/div>\n\t\t<\/a>\n\t\t\t\t<div class=\"elementor-post__text\">\n\t\t\t\t<h3 class=\"elementor-post__title\">\n\t\t\t<a href=\"https:\/\/zephyretboree.com\/en\/2023\/05\/04\/zephyr-boree-wins-france-2030-award\/\" >\n\t\t\t\tZ\u00e9phyr &amp; Bor\u00e9e wins France 2030 award\t\t\t<\/a>\n\t\t<\/h3>\n\t\t\t\t<div class=\"elementor-post__meta-data\">\n\t\t\t\t\t<span class=\"elementor-post-date\">\n\t\t\t4 May 2023\t\t<\/span>\n\t\t\t\t<\/div>\n\t\t\t\t<div class=\"elementor-post__excerpt\">\n\t\t\t<p>Z\u00e9phyr &amp; Bor\u00e9e has won the France 2030 award for Williwaw, a hybrid sail-powered industrial container ship.<\/p>\n\t\t<\/div>\n\t\t\n\t\t<a class=\"elementor-post__read-more\" href=\"https:\/\/zephyretboree.com\/en\/2023\/05\/04\/zephyr-boree-wins-france-2030-award\/\" aria-label=\"Read more about Z\u00e9phyr &amp; Bor\u00e9e wins France 2030 award\" tabindex=\"-1\" >\n\t\t\tRead more \u00bb\t\t<\/a>\n\n\t\t\t\t<\/div>\n\t\t\t\t<\/article>\n\t\t\t\t<article class=\"elementor-post elementor-grid-item post-6536 post type-post status-publish format-standard has-post-thumbnail hentry category-uncategorized entry\" role=\"listitem\">\n\t\t\t\t<a class=\"elementor-post__thumbnail__link\" href=\"https:\/\/zephyretboree.com\/en\/2022\/11\/09\/williwaw-laureate-for-the-ami-corimer\/\" tabindex=\"-1\" >\n\t\t\t<div class=\"elementor-post__thumbnail\"><img loading=\"lazy\" decoding=\"async\" width=\"750\" height=\"500\" src=\"https:\/\/zephyretboree.com\/wp-content\/uploads\/2022\/11\/Williwaw-1024x682.jpg\" class=\"attachment-large size-large wp-image-6532\" alt=\"\" style=\"width:100%;height:66.65%;max-width:2000px\" srcset=\"https:\/\/zephyretboree.com\/wp-content\/uploads\/2022\/11\/Williwaw-1024x682.jpg 1024w, https:\/\/zephyretboree.com\/wp-content\/uploads\/2022\/11\/Williwaw-300x200.jpg 300w, https:\/\/zephyretboree.com\/wp-content\/uploads\/2022\/11\/Williwaw-768x512.jpg 768w, https:\/\/zephyretboree.com\/wp-content\/uploads\/2022\/11\/Williwaw-1536x1024.jpg 1536w, https:\/\/zephyretboree.com\/wp-content\/uploads\/2022\/11\/Williwaw-1568x1045.jpg 1568w, https:\/\/zephyretboree.com\/wp-content\/uploads\/2022\/11\/Williwaw.jpg 2000w\" sizes=\"(max-width: 750px) 100vw, 750px\" \/><\/div>\n\t\t<\/a>\n\t\t\t\t<div class=\"elementor-post__text\">\n\t\t\t\t<h3 class=\"elementor-post__title\">\n\t\t\t<a href=\"https:\/\/zephyretboree.com\/en\/2022\/11\/09\/williwaw-laureate-for-the-ami-corimer\/\" >\n\t\t\t\tWilliwaw, laureate for the &#8220;AMI CORIMER&#8221;\t\t\t<\/a>\n\t\t<\/h3>\n\t\t\t\t<div class=\"elementor-post__meta-data\">\n\t\t\t\t\t<span class=\"elementor-post-date\">\n\t\t\t9 November 2022\t\t<\/span>\n\t\t\t\t<\/div>\n\t\t\t\t<div class=\"elementor-post__excerpt\">\n\t\t\t<p>Williwaw container ship wins the AMI CORIMER 2022 award<\/p>\n\t\t<\/div>\n\t\t\n\t\t<a class=\"elementor-post__read-more\" href=\"https:\/\/zephyretboree.com\/en\/2022\/11\/09\/williwaw-laureate-for-the-ami-corimer\/\" aria-label=\"Read more about Williwaw, laureate for the &#8220;AMI CORIMER&#8221;\" tabindex=\"-1\" >\n\t\t\tRead more \u00bb\t\t<\/a>\n\n\t\t\t\t<\/div>\n\t\t\t\t<\/article>\n\t\t\t\t<article class=\"elementor-post elementor-grid-item post-6510 post type-post status-publish format-standard has-post-thumbnail hentry category-non-classifiee entry\" role=\"listitem\">\n\t\t\t\t<a class=\"elementor-post__thumbnail__link\" href=\"https:\/\/zephyretboree.com\/en\/2022\/06\/08\/zephyr-boree-launches-windcoop\/\" tabindex=\"-1\" >\n\t\t\t<div class=\"elementor-post__thumbnail\"><img loading=\"lazy\" decoding=\"async\" width=\"750\" height=\"500\" src=\"https:\/\/zephyretboree.com\/wp-content\/uploads\/2022\/06\/Windcoop-1024x682.jpg\" class=\"attachment-large size-large wp-image-6506\" alt=\"\" style=\"width:100%;height:66.65%;max-width:2000px\" srcset=\"https:\/\/zephyretboree.com\/wp-content\/uploads\/2022\/06\/Windcoop-1024x682.jpg 1024w, https:\/\/zephyretboree.com\/wp-content\/uploads\/2022\/06\/Windcoop-300x200.jpg 300w, https:\/\/zephyretboree.com\/wp-content\/uploads\/2022\/06\/Windcoop-768x512.jpg 768w, https:\/\/zephyretboree.com\/wp-content\/uploads\/2022\/06\/Windcoop-1536x1024.jpg 1536w, https:\/\/zephyretboree.com\/wp-content\/uploads\/2022\/06\/Windcoop-1568x1045.jpg 1568w, https:\/\/zephyretboree.com\/wp-content\/uploads\/2022\/06\/Windcoop.jpg 2000w\" sizes=\"(max-width: 750px) 100vw, 750px\" \/><\/div>\n\t\t<\/a>\n\t\t\t\t<div class=\"elementor-post__text\">\n\t\t\t\t<h3 class=\"elementor-post__title\">\n\t\t\t<a href=\"https:\/\/zephyretboree.com\/en\/2022\/06\/08\/zephyr-boree-launches-windcoop\/\" >\n\t\t\t\tZ\u00e9phyr &amp; Bor\u00e9e launches Windcoop\t\t\t<\/a>\n\t\t<\/h3>\n\t\t\t\t<div class=\"elementor-post__meta-data\">\n\t\t\t\t\t<span class=\"elementor-post-date\">\n\t\t\t8 June 2022\t\t<\/span>\n\t\t\t\t<\/div>\n\t\t\t\t<div class=\"elementor-post__excerpt\">\n\t\t\t<p>Z&amp;B, Arcadie, and Julien No\u00e9, founding president of Enercoop, launch Windcoop, the first activist cooperative for carbon-free shipping. <\/p>\n\t\t<\/div>\n\t\t\n\t\t<a class=\"elementor-post__read-more\" href=\"https:\/\/zephyretboree.com\/en\/2022\/06\/08\/zephyr-boree-launches-windcoop\/\" aria-label=\"Read more about Z\u00e9phyr &amp; Bor\u00e9e launches Windcoop\" tabindex=\"-1\" >\n\t\t\tRead more \u00bb\t\t<\/a>\n\n\t\t\t\t<\/div>\n\t\t\t\t<\/article>\n\t\t\t\t<\/div>\n\t\t\n\t\t\t\t\t\t<\/div>\n\t\t\t\t<\/div>\n\t\t\t\t\t<\/div>\n\t\t<\/div>\n\t\t\t\t\t<\/div>\n\t\t<\/section>\n\t\t\t\t<\/div>\n\t\t","protected":false},"excerpt":{"rendered":"<p>News Follow the news from Z\u00e9phyr and Bor\u00e9e: tenders won, labels obtained, site announcements, recruitment, ship fitting out&#8230;<\/p>\n","protected":false},"author":2,"featured_media":0,"parent":0,"menu_order":0,"comment_status":"closed","ping_status":"closed","template":"","meta":{"inline_featured_image":false,"footnotes":""},"class_list":["post-6381","page","type-page","status-publish","hentry","entry"],"yoast_head":"<!-- This site is optimized with the Yoast SEO plugin v27.3 - https:\/\/yoast.com\/product\/yoast-seo-wordpress\/ -->\n<title>News - Z\u00e9phyr &amp; Bor\u00e9e<\/title>\n<meta name=\"description\" content=\"Follow the news from Zephyr and Boree: tenders won, labels obtained, site announcements, recruitment, ship fitting out...\" \/>\n<meta name=\"robots\" content=\"index, follow, max-snippet:-1, max-image-preview:large, max-video-preview:-1\" \/>\n<link rel=\"canonical\" href=\"https:\/\/zephyretboree.com\/en\/news\/\" \/>\n<meta property=\"og:locale\" content=\"en_US\" \/>\n<meta property=\"og:type\" content=\"article\" \/>\n<meta property=\"og:title\" content=\"News - Z\u00e9phyr &amp; Bor\u00e9e\" \/>\n<meta property=\"og:description\" content=\"Follow the news from Zephyr and Boree: tenders won, labels obtained, site announcements, recruitment, ship fitting out...\" \/>\n<meta property=\"og:url\" content=\"https:\/\/zephyretboree.com\/en\/news\/\" \/>\n<meta property=\"og:site_name\" content=\"Z\u00e9phyr &amp; Bor\u00e9e\" \/>\n<meta property=\"article:modified_time\" content=\"2024-01-08T08:49:14+00:00\" \/>\n<meta name=\"twitter:card\" content=\"summary_large_image\" \/>\n<meta name=\"twitter:label1\" content=\"Est. reading time\" \/>\n\t<meta name=\"twitter:data1\" content=\"2 minutes\" \/>\n<script type=\"application\/ld+json\" class=\"yoast-schema-graph\">{\"@context\":\"https:\\\/\\\/schema.org\",\"@graph\":[{\"@type\":\"WebPage\",\"@id\":\"https:\\\/\\\/zephyretboree.com\\\/en\\\/news\\\/\",\"url\":\"https:\\\/\\\/zephyretboree.com\\\/en\\\/news\\\/\",\"name\":\"News - Z\u00e9phyr &amp; Bor\u00e9e\",\"isPartOf\":{\"@id\":\"https:\\\/\\\/zephyretboree.com\\\/en\\\/#website\"},\"datePublished\":\"2023-11-23T10:31:57+00:00\",\"dateModified\":\"2024-01-08T08:49:14+00:00\",\"description\":\"Follow the news from Zephyr and Boree: tenders won, labels obtained, site announcements, recruitment, ship fitting out...\",\"breadcrumb\":{\"@id\":\"https:\\\/\\\/zephyretboree.com\\\/en\\\/news\\\/#breadcrumb\"},\"inLanguage\":\"en-US\",\"potentialAction\":[{\"@type\":\"ReadAction\",\"target\":[\"https:\\\/\\\/zephyretboree.com\\\/en\\\/news\\\/\"]}]},{\"@type\":\"BreadcrumbList\",\"@id\":\"https:\\\/\\\/zephyretboree.com\\\/en\\\/news\\\/#breadcrumb\",\"itemListElement\":[{\"@type\":\"ListItem\",\"position\":1,\"name\":\"Accueil\",\"item\":\"https:\\\/\\\/zephyretboree.com\\\/en\\\/\"},{\"@type\":\"ListItem\",\"position\":2,\"name\":\"News\"}]},{\"@type\":\"WebSite\",\"@id\":\"https:\\\/\\\/zephyretboree.com\\\/en\\\/#website\",\"url\":\"https:\\\/\\\/zephyretboree.com\\\/en\\\/\",\"name\":\"Z\u00e9phyr &amp; Bor\u00e9e\",\"description\":\"\",\"publisher\":{\"@id\":\"https:\\\/\\\/zephyretboree.com\\\/en\\\/#organization\"},\"potentialAction\":[{\"@type\":\"SearchAction\",\"target\":{\"@type\":\"EntryPoint\",\"urlTemplate\":\"https:\\\/\\\/zephyretboree.com\\\/en\\\/?s={search_term_string}\"},\"query-input\":{\"@type\":\"PropertyValueSpecification\",\"valueRequired\":true,\"valueName\":\"search_term_string\"}}],\"inLanguage\":\"en-US\"},{\"@type\":\"Organization\",\"@id\":\"https:\\\/\\\/zephyretboree.com\\\/en\\\/#organization\",\"name\":\"Z\u00e9phyr et Bor\u00e9e\",\"url\":\"https:\\\/\\\/zephyretboree.com\\\/en\\\/\",\"logo\":{\"@type\":\"ImageObject\",\"inLanguage\":\"en-US\",\"@id\":\"https:\\\/\\\/zephyretboree.com\\\/en\\\/#\\\/schema\\\/logo\\\/image\\\/\",\"url\":\"https:\\\/\\\/zephyretboree.com\\\/wp-content\\\/uploads\\\/2022\\\/03\\\/Groupe-66.png\",\"contentUrl\":\"https:\\\/\\\/zephyretboree.com\\\/wp-content\\\/uploads\\\/2022\\\/03\\\/Groupe-66.png\",\"width\":253,\"height\":81,\"caption\":\"Z\u00e9phyr et Bor\u00e9e\"},\"image\":{\"@id\":\"https:\\\/\\\/zephyretboree.com\\\/en\\\/#\\\/schema\\\/logo\\\/image\\\/\"},\"sameAs\":[\"https:\\\/\\\/fr.linkedin.com\\\/company\\\/zephyr-bore\"]}]}<\/script>\n<!-- \/ Yoast SEO plugin. -->","yoast_head_json":{"title":"News - Z\u00e9phyr &amp; Bor\u00e9e","description":"Follow the news from Zephyr and Boree: tenders won, labels obtained, site announcements, recruitment, ship fitting out...","robots":{"index":"index","follow":"follow","max-snippet":"max-snippet:-1","max-image-preview":"max-image-preview:large","max-video-preview":"max-video-preview:-1"},"canonical":"https:\/\/zephyretboree.com\/en\/news\/","og_locale":"en_US","og_type":"article","og_title":"News - Z\u00e9phyr &amp; Bor\u00e9e","og_description":"Follow the news from Zephyr and Boree: tenders won, labels obtained, site announcements, recruitment, ship fitting out...","og_url":"https:\/\/zephyretboree.com\/en\/news\/","og_site_name":"Z\u00e9phyr &amp; Bor\u00e9e","article_modified_time":"2024-01-08T08:49:14+00:00","twitter_card":"summary_large_image","twitter_misc":{"Est. reading time":"2 minutes"},"schema":{"@context":"https:\/\/schema.org","@graph":[{"@type":"WebPage","@id":"https:\/\/zephyretboree.com\/en\/news\/","url":"https:\/\/zephyretboree.com\/en\/news\/","name":"News - Z\u00e9phyr &amp; Bor\u00e9e","isPartOf":{"@id":"https:\/\/zephyretboree.com\/en\/#website"},"datePublished":"2023-11-23T10:31:57+00:00","dateModified":"2024-01-08T08:49:14+00:00","description":"Follow the news from Zephyr and Boree: tenders won, labels obtained, site announcements, recruitment, ship fitting out...","breadcrumb":{"@id":"https:\/\/zephyretboree.com\/en\/news\/#breadcrumb"},"inLanguage":"en-US","potentialAction":[{"@type":"ReadAction","target":["https:\/\/zephyretboree.com\/en\/news\/"]}]},{"@type":"BreadcrumbList","@id":"https:\/\/zephyretboree.com\/en\/news\/#breadcrumb","itemListElement":[{"@type":"ListItem","position":1,"name":"Accueil","item":"https:\/\/zephyretboree.com\/en\/"},{"@type":"ListItem","position":2,"name":"News"}]},{"@type":"WebSite","@id":"https:\/\/zephyretboree.com\/en\/#website","url":"https:\/\/zephyretboree.com\/en\/","name":"Z\u00e9phyr &amp; Bor\u00e9e","description":"","publisher":{"@id":"https:\/\/zephyretboree.com\/en\/#organization"},"potentialAction":[{"@type":"SearchAction","target":{"@type":"EntryPoint","urlTemplate":"https:\/\/zephyretboree.com\/en\/?s={search_term_string}"},"query-input":{"@type":"PropertyValueSpecification","valueRequired":true,"valueName":"search_term_string"}}],"inLanguage":"en-US"},{"@type":"Organization","@id":"https:\/\/zephyretboree.com\/en\/#organization","name":"Z\u00e9phyr et Bor\u00e9e","url":"https:\/\/zephyretboree.com\/en\/","logo":{"@type":"ImageObject","inLanguage":"en-US","@id":"https:\/\/zephyretboree.com\/en\/#\/schema\/logo\/image\/","url":"https:\/\/zephyretboree.com\/wp-content\/uploads\/2022\/03\/Groupe-66.png","contentUrl":"https:\/\/zephyretboree.com\/wp-content\/uploads\/2022\/03\/Groupe-66.png","width":253,"height":81,"caption":"Z\u00e9phyr et Bor\u00e9e"},"image":{"@id":"https:\/\/zephyretboree.com\/en\/#\/schema\/logo\/image\/"},"sameAs":["https:\/\/fr.linkedin.com\/company\/zephyr-bore"]}]}},"_links":{"self":[{"href":"https:\/\/zephyretboree.com\/en\/wp-json\/wp\/v2\/pages\/6381","targetHints":{"allow":["GET"]}}],"collection":[{"href":"https:\/\/zephyretboree.com\/en\/wp-json\/wp\/v2\/pages"}],"about":[{"href":"https:\/\/zephyretboree.com\/en\/wp-json\/wp\/v2\/types\/page"}],"author":[{"embeddable":true,"href":"https:\/\/zephyretboree.com\/en\/wp-json\/wp\/v2\/users\/2"}],"replies":[{"embeddable":true,"href":"https:\/\/zephyretboree.com\/en\/wp-json\/wp\/v2\/comments?post=6381"}],"version-history":[{"count":7,"href":"https:\/\/zephyretboree.com\/en\/wp-json\/wp\/v2\/pages\/6381\/revisions"}],"predecessor-version":[{"id":6546,"href":"https:\/\/zephyretboree.com\/en\/wp-json\/wp\/v2\/pages\/6381\/revisions\/6546"}],"wp:attachment":[{"href":"https:\/\/zephyretboree.com\/en\/wp-json\/wp\/v2\/media?parent=6381"}],"curies":[{"name":"wp","href":"https:\/\/api.w.org\/{rel}","templated":true}]}}